{"id":1467,"date":"2025-08-06T13:59:00","date_gmt":"2025-08-06T16:59:00","guid":{"rendered":"https:\/\/cultura.camposdojordao.sp.gov.br\/?page_id=1467"},"modified":"2025-08-13T20:39:39","modified_gmt":"2025-08-13T23:39:39","slug":"cadastramento-de-artistas","status":"publish","type":"page","link":"https:\/\/cultura.camposdojordao.sp.gov.br\/?page_id=1467","title":{"rendered":"Cadastramento de Artistas"},"content":{"rendered":"\t\t<div data-elementor-type=\"wp-page\" data-elementor-id=\"1467\" class=\"elementor elementor-1467\" data-elementor-post-type=\"page\">\n\t\t\t\t<div class=\"elementor-element elementor-element-6df44b8 e-con-full e-flex e-con e-parent\" data-id=\"6df44b8\" data-element_type=\"container\" data-e-type=\"container\" data-settings=\"{&quot;background_background&quot;:&quot;video&quot;,&quot;background_video_link&quot;:&quot;https:\\\/\\\/cultura.camposdojordao.sp.gov.br\\\/wp-content\\\/uploads\\\/2025\\\/08\\\/artistas.mp4&quot;,&quot;background_play_on_mobile&quot;:&quot;yes&quot;}\">\n\t\t<div class=\"elementor-background-video-container\">\n\t\t\t\t\t\t\t<video class=\"elementor-background-video-hosted\" role=\"presentation\" autoplay muted playsinline loop><\/video>\n\t\t\t\t\t<\/div>\t\t<div class=\"elementor-element elementor-element-2db2937 elementor-widget elementor-widget-heading\" data-id=\"2db2937\" data-element_type=\"widget\" data-e-type=\"widget\" data-widget_type=\"heading.default\">\n\t\t\t\t\t<h1 class=\"elementor-heading-title elementor-size-default\">Recadastramento de Artistas e Produtores Culturais<\/h1>\t\t\t\t<\/div>\n\t\t\t\t<\/div>\n\t\t<div class=\"elementor-element elementor-element-9912329 e-flex e-con-boxed e-con e-parent\" data-id=\"9912329\" data-element_type=\"container\" data-e-type=\"container\">\n\t\t\t\t\t<div class=\"e-con-inner\">\n\t\t\t\t<div class=\"elementor-element elementor-element-129cc88 elementor-widget elementor-widget-heading\" data-id=\"129cc88\" data-element_type=\"widget\" data-e-type=\"widget\" data-widget_type=\"heading.default\">\n\t\t\t\t\t<h2 class=\"elementor-heading-title elementor-size-default\">Introdu\u00e7\u00e3o<\/h2>\t\t\t\t<\/div>\n\t\t\t\t<div class=\"elementor-element elementor-element-f213cc3 elementor-widget elementor-widget-text-editor\" data-id=\"f213cc3\" data-element_type=\"widget\" data-e-type=\"widget\" data-widget_type=\"text-editor.default\">\n\t\t\t\t\t\t\t\t\t<p>Visando promover uma atualiza\u00e7\u00e3o eficiente do banco de dados cultural local, est\u00e1 aberto o per\u00edodo de <strong><b>recadastramento de artistas e produtores culturais<\/b><\/strong>. Esta iniciativa busca fortalecer o v\u00ednculo entre os fazedores de cultura e os \u00f3rg\u00e3os gestores, garantindo maior transpar\u00eancia e acesso \u00e0s pol\u00edticas p\u00fablicas destinadas ao setor.<\/p>\t\t\t\t\t\t\t\t<\/div>\n\t\t\t\t\t<\/div>\n\t\t\t\t<\/div>\n\t\t<div class=\"elementor-element elementor-element-2b3900a e-flex e-con-boxed e-con e-parent\" data-id=\"2b3900a\" data-element_type=\"container\" data-e-type=\"container\">\n\t\t\t\t\t<div class=\"e-con-inner\">\n\t\t\t\t<div class=\"elementor-element elementor-element-743847d elementor-widget elementor-widget-heading\" data-id=\"743847d\" data-element_type=\"widget\" data-e-type=\"widget\" data-widget_type=\"heading.default\">\n\t\t\t\t\t<h2 class=\"elementor-heading-title elementor-size-default\">P\u00fablico-alvo<\/h2>\t\t\t\t<\/div>\n\t\t\t\t<div class=\"elementor-element elementor-element-0909a4a elementor-widget elementor-widget-text-editor\" data-id=\"0909a4a\" data-element_type=\"widget\" data-e-type=\"widget\" data-widget_type=\"text-editor.default\">\n\t\t\t\t\t\t\t\t\t<p>O recadastramento \u00e9 voltado para:<\/p><ul><li>Artistas das artes c\u00eanicas, m\u00fasica, literatura, audiovisual, artes visuais e cultura popular;<\/li><li>Produtores, gestores de espa\u00e7os culturais, t\u00e9cnicos e demais agentes da cadeia produtiva art\u00edstica.<\/li><\/ul>\t\t\t\t\t\t\t\t<\/div>\n\t\t\t\t\t<\/div>\n\t\t\t\t<\/div>\n\t\t<div class=\"elementor-element elementor-element-ff39dd1 e-flex e-con-boxed e-con e-parent\" data-id=\"ff39dd1\" data-element_type=\"container\" data-e-type=\"container\">\n\t\t\t\t\t<div class=\"e-con-inner\">\n\t\t\t\t<div class=\"elementor-element elementor-element-4fee559 elementor-widget elementor-widget-heading\" data-id=\"4fee559\" data-element_type=\"widget\" data-e-type=\"widget\" data-widget_type=\"heading.default\">\n\t\t\t\t\t<h2 class=\"elementor-heading-title elementor-size-default\">Por que se cadastrar?<\/h2>\t\t\t\t<\/div>\n\t\t\t\t<div class=\"elementor-element elementor-element-282ced3 elementor-widget elementor-widget-text-editor\" data-id=\"282ced3\" data-element_type=\"widget\" data-e-type=\"widget\" data-widget_type=\"text-editor.default\">\n\t\t\t\t\t\t\t\t\t<ul><li>\ud83d\udccbAtualiza\u00e7\u00e3o de dados para participa\u00e7\u00e3o em editais culturais;<\/li><li>\ud83c\udf0dMapeamento do cen\u00e1rio art\u00edstico local;<\/li><li>\ud83d\udce3Inclus\u00e3o em plataformas digitais de divulga\u00e7\u00e3o;<\/li><li>\ud83c\udf93Acesso a a\u00e7\u00f5es formativas e oportunidades de financiamento.<\/li><\/ul>\t\t\t\t\t\t\t\t<\/div>\n\t\t\t\t\t<\/div>\n\t\t\t\t<\/div>\n\t\t<div class=\"elementor-element elementor-element-318f763 e-flex e-con-boxed e-con e-parent\" data-id=\"318f763\" data-element_type=\"container\" data-e-type=\"container\">\n\t\t\t\t\t<div class=\"e-con-inner\">\n\t\t\t\t<div class=\"elementor-element elementor-element-38d3101 elementor-widget elementor-widget-heading\" data-id=\"38d3101\" data-element_type=\"widget\" data-e-type=\"widget\" data-widget_type=\"heading.default\">\n\t\t\t\t\t<h2 class=\"elementor-heading-title elementor-size-default\">Prazo e como participar<\/h2>\t\t\t\t<\/div>\n\t\t\t\t<div class=\"elementor-element elementor-element-8b4e910 elementor-widget elementor-widget-text-editor\" data-id=\"8b4e910\" data-element_type=\"widget\" data-e-type=\"widget\" data-widget_type=\"text-editor.default\">\n\t\t\t\t\t\t\t\t\t<p>O recadastramento estar\u00e1 dispon\u00edvel, por meio do formul\u00e1rio online acess\u00edvel em <strong><b>cultura.camposdojordao.sp.gov.br<\/b><\/strong>. \u00c9 essencial que os dados sejam preenchidos com aten\u00e7\u00e3o, garantindo a veracidade das informa\u00e7\u00f5es e facilitando o contato futuro.<\/p>\t\t\t\t\t\t\t\t<\/div>\n\t\t\t\t\t<\/div>\n\t\t\t\t<\/div>\n\t\t<div class=\"elementor-element elementor-element-70e1954 e-flex e-con-boxed e-con e-parent\" data-id=\"70e1954\" data-element_type=\"container\" data-e-type=\"container\">\n\t\t\t\t\t<div class=\"e-con-inner\">\n\t\t\t\t<div class=\"elementor-element elementor-element-f72abbb elementor-widget elementor-widget-heading\" data-id=\"f72abbb\" data-element_type=\"widget\" data-e-type=\"widget\" data-widget_type=\"heading.default\">\n\t\t\t\t\t<h2 class=\"elementor-heading-title elementor-size-default\">Valoriza\u00e7\u00e3o Cultural<\/h2>\t\t\t\t<\/div>\n\t\t\t\t<div class=\"elementor-element elementor-element-0b0fe51 elementor-widget elementor-widget-text-editor\" data-id=\"0b0fe51\" data-element_type=\"widget\" data-e-type=\"widget\" data-widget_type=\"text-editor.default\">\n\t\t\t\t\t\t\t\t\t<p>Ao atualizar seus dados, artistas e produtores culturais contribuem para uma rede mais s\u00f3lida, representativa e inclusiva. A cultura \u00e9 feita de pessoas, hist\u00f3rias e conex\u00f5es \u2014 e esse gesto \u00e9 essencial para fortalecer esse ecossistema.<\/p>\t\t\t\t\t\t\t\t<\/div>\n\t\t\t\t\t<\/div>\n\t\t\t\t<\/div>\n\t\t<div class=\"elementor-element elementor-element-0b95110 e-flex e-con-boxed e-con e-parent\" data-id=\"0b95110\" data-element_type=\"container\" data-e-type=\"container\">\n\t\t\t\t\t<div class=\"e-con-inner\">\n\t\t\t\t<div class=\"elementor-element elementor-element-a6bf345 elementor-widget elementor-widget-heading\" data-id=\"a6bf345\" data-element_type=\"widget\" data-e-type=\"widget\" data-widget_type=\"heading.default\">\n\t\t\t\t\t<h3 class=\"elementor-heading-title elementor-size-default\"><a href=\"https:\/\/forms.gle\/HQUC481DjbUhBCRq8\" target=\"_blank\" rel=\"noopener\">Clique aqui e preencha o Formul\u00e1rio de Cadastramento<\/a><\/h3>\t\t\t\t<\/div>\n\t\t\t\t\t<\/div>\n\t\t\t\t<\/div>\n\t\t\t\t<\/div>\n\t\t","protected":false},"excerpt":{"rendered":"<p>Recadastramento de Artistas e Produtores Culturais Introdu\u00e7\u00e3o Visando promover uma atualiza\u00e7\u00e3o eficiente do banco de dados cultural local, est\u00e1 aberto o per\u00edodo de recadastramento de artistas e produtores culturais. Esta iniciativa busca fortalecer o v\u00ednculo entre os fazedores de cultura e os \u00f3rg\u00e3os gestores, garantindo maior transpar\u00eancia e acesso \u00e0s pol\u00edticas p\u00fablicas destinadas ao setor. [&hellip;]<\/p>\n","protected":false},"author":2,"featured_media":1470,"parent":0,"menu_order":0,"comment_status":"closed","ping_status":"closed","template":"","meta":{"footnotes":""},"class_list":["post-1467","page","type-page","status-publish","has-post-thumbnail","hentry","entry","has-media"],"_links":{"self":[{"href":"https:\/\/cultura.camposdojordao.sp.gov.br\/index.php?rest_route=\/wp\/v2\/pages\/1467","targetHints":{"allow":["GET"]}}],"collection":[{"href":"https:\/\/cultura.camposdojordao.sp.gov.br\/index.php?rest_route=\/wp\/v2\/pages"}],"about":[{"href":"https:\/\/cultura.camposdojordao.sp.gov.br\/index.php?rest_route=\/wp\/v2\/types\/page"}],"author":[{"embeddable":true,"href":"https:\/\/cultura.camposdojordao.sp.gov.br\/index.php?rest_route=\/wp\/v2\/users\/2"}],"replies":[{"embeddable":true,"href":"https:\/\/cultura.camposdojordao.sp.gov.br\/index.php?rest_route=%2Fwp%2Fv2%2Fcomments&post=1467"}],"version-history":[{"count":10,"href":"https:\/\/cultura.camposdojordao.sp.gov.br\/index.php?rest_route=\/wp\/v2\/pages\/1467\/revisions"}],"predecessor-version":[{"id":1606,"href":"https:\/\/cultura.camposdojordao.sp.gov.br\/index.php?rest_route=\/wp\/v2\/pages\/1467\/revisions\/1606"}],"wp:featuredmedia":[{"embeddable":true,"href":"https:\/\/cultura.camposdojordao.sp.gov.br\/index.php?rest_route=\/wp\/v2\/media\/1470"}],"wp:attachment":[{"href":"https:\/\/cultura.camposdojordao.sp.gov.br\/index.php?rest_route=%2Fwp%2Fv2%2Fmedia&parent=1467"}],"curies":[{"name":"wp","href":"https:\/\/api.w.org\/{rel}","templated":true}]}}