{"id":39,"date":"2025-04-02T08:53:31","date_gmt":"2025-04-02T11:53:31","guid":{"rendered":"https:\/\/cultura.camposdojordao.sp.gov.br\/?page_id=39"},"modified":"2025-06-16T18:38:30","modified_gmt":"2025-06-16T21:38:30","slug":"arquivos-historicos","status":"publish","type":"page","link":"https:\/\/cultura.camposdojordao.sp.gov.br\/?page_id=39","title":{"rendered":"Hist\u00f3ria"},"content":{"rendered":"\t\t<div data-elementor-type=\"wp-page\" data-elementor-id=\"39\" class=\"elementor elementor-39\" data-elementor-post-type=\"page\">\n\t\t\t\t<div class=\"elementor-element elementor-element-aebae0d e-flex e-con-boxed e-con e-parent\" data-id=\"aebae0d\" data-element_type=\"container\" data-e-type=\"container\">\n\t\t\t\t\t<div class=\"e-con-inner\">\n\t\t\t\t<div class=\"elementor-element elementor-element-5a8ba1d elementor-widget elementor-widget-heading\" data-id=\"5a8ba1d\" data-element_type=\"widget\" data-e-type=\"widget\" data-widget_type=\"heading.default\">\n\t\t\t\t\t<h2 class=\"elementor-heading-title elementor-size-default\">Pl\u00ednio Trouxe a Televis\u00e3o para Campos do Jord\u00e3o<\/h2>\t\t\t\t<\/div>\n\t\t\t\t<div class=\"elementor-element elementor-element-f60aa0a elementor-widget elementor-widget-image\" data-id=\"f60aa0a\" data-element_type=\"widget\" data-e-type=\"widget\" data-widget_type=\"image.default\">\n\t\t\t\t\t\t\t\t\t\t\t\t\t\t\t<img decoding=\"async\" width=\"135\" height=\"138\" data-src=\"https:\/\/cultura.camposdojordao.sp.gov.br\/wp-content\/uploads\/2025\/04\/01.jpg\" class=\"attachment-full size-full wp-image-98 lazyload\" alt=\"\" src=\"data:image\/svg+xml;base64,PHN2ZyB3aWR0aD0iMSIgaGVpZ2h0PSIxIiB4bWxucz0iaHR0cDovL3d3dy53My5vcmcvMjAwMC9zdmciPjwvc3ZnPg==\" style=\"--smush-placeholder-width: 135px; --smush-placeholder-aspect-ratio: 135\/138;\" \/>\t\t\t\t\t\t\t\t\t\t\t\t\t\t\t<\/div>\n\t\t\t\t<div class=\"elementor-element elementor-element-095e0dc elementor-widget elementor-widget-text-editor\" data-id=\"095e0dc\" data-element_type=\"widget\" data-e-type=\"widget\" data-widget_type=\"text-editor.default\">\n\t\t\t\t\t\t\t\t\t<p>O Sr. Pl\u00ednio C\u00e2ndido da Silva, era um filho de Campos do Jord\u00e3o, jovem, estudioso, sedento de progresso. Viveu os anos de adolesc\u00eancia, nesta sua terra, trabalhando, estudando e procurando conhecer os segredos do r\u00e1dio e da eletricidade que sempre o apaixonavam. Sozinho, montou uma esta\u00e7\u00e3o de r\u00e1dio amador, sempre no af\u00e3 de aprimorar os seus conhecimentos. Entretanto, o campo de a\u00e7\u00e3o, numa cidade de interior, \u00e9 sempre limitado, e Pl\u00ednio, sequioso de saber, foi para S\u00e3o Paulo, a cicl\u00f3pica metr\u00f3pole que assombrava o mundo pelo seu progresso.<\/p><p style=\"font-weight: 400;\">Isto se deu h\u00e1 60 anos atr\u00e1s. Esse mo\u00e7o, em meados de 1951, j\u00e1 se encontrava trabalhando como t\u00e9cnico da P. R. F. 3 TV, a esta\u00e7\u00e3o pioneira da televis\u00e3o na Am\u00e9rica do Sul, uma brilhante e patri\u00f3tica iniciativa do grande jornalista Assis Chateaubriand.<\/p><p style=\"font-weight: 400;\">N\u00e3o esquecendo a sua terra, Pl\u00ednio C\u00e2ndido da Silva logo que pode, arranjou uma \u201cfuga\u201d da TV e aqui chegou, equipado de um receptor de televis\u00e3o e diversos tipos de antena, a fim de fazer experi\u00eancias com o \u201cv\u00eddeo\u201d.\u00a0 A princ\u00edpio, todos o desanimaram. Houve mesmo quem afirmasse que em Vila Em\u00edlio Ribas (atual Capivari), j\u00e1 havia sido feita uma tentativa, completamente infrut\u00edfera. O ceticismo, entretanto, durou pouco. Pl\u00ednio instalou um receptor RCA no clube do Sanat\u00f3rio S3, experimentou os diversos tipos de antena e finalmente, veio a imagem, n\u00edtida, perfeita sem interfer\u00eancias.<\/p><p style=\"font-weight: 400;\">Nunca o Sanat\u00f3rio S3 foi t\u00e3o visitado como nestes \u00faltimos tempos. Uma verdadeira romaria dirigia-se para l\u00e1, diariamente, apesar do intenso frio e foi verificar \u201cin loco\u201d, a \u00faltima maravilha do s\u00e9culo. Os jogos de futebol, televisionados, ent\u00e3o, constitu\u00edam o maior motivo de atra\u00e7\u00e3o. Todos vinham e ficavam entusiasmados, com o fato de terem televis\u00e3o em Campos do Jord\u00e3o, possibilidade que tinham afastado de suas cogita\u00e7\u00f5es, em vista de ser teoria firmada, o conceito de que o raio de a\u00e7\u00e3o de uma esta\u00e7\u00e3o transmissora de televis\u00e3o era de apenas 50 km, quando estavam distantes mais de 100 km da capital de S\u00e3o Paulo.<\/p><p style=\"font-weight: 400;\">Mas, gra\u00e7as ao esfor\u00e7o e boa vontade de Pl\u00ednio C\u00e2ndido da Silva, a televis\u00e3o em Campos do Jord\u00e3o, tornou-se uma espl\u00eandida realidade.<\/p><p style=\"font-weight: 400;\">A primeira tomada a\u00e9rea da televis\u00e3o brasileira foi realizada em 24\/01\/1959, v\u00e9spera do 405\u00ba anivers\u00e1rio de S\u00e3o Paulo. Jaime Moreira Filho ofereceu ao telespectador paulistano diversos \u00e2ngulos da cidade vista dos c\u00e9us, em seu programa \u201cPassaporte para o Sucesso\u201d, na TV Paulista. A bordo de um helic\u00f3ptero, o t\u00e9cnico Pl\u00ednio C\u00e2ndido da Silva utilizou um microondas, uma par\u00e1bola e um gerador.<\/p><p style=\"font-weight: 400;\"><strong><u>Fonte:<\/u><\/strong><\/p><p style=\"font-weight: 400;\">Jornal\u00a0<strong>\u201cA Cidade\u201d<\/strong>, de 08 de julho de 1951<\/p><p style=\"font-weight: 400;\">Livro \u201c<strong>Almanaque da TV\u201d<\/strong>\u00a0\u2013 rixa<\/p>\t\t\t\t\t\t\t\t<\/div>\n\t\t\t\t\t<\/div>\n\t\t\t\t<\/div>\n\t\t\t\t<\/div>\n\t\t","protected":false},"excerpt":{"rendered":"<p>Pl\u00ednio Trouxe a Televis\u00e3o para Campos do Jord\u00e3o O Sr. Pl\u00ednio C\u00e2ndido da Silva, era um filho de Campos do Jord\u00e3o, jovem, estudioso, sedento de progresso. Viveu os anos de adolesc\u00eancia, nesta sua terra, trabalhando, estudando e procurando conhecer os segredos do r\u00e1dio e da eletricidade que sempre o apaixonavam. Sozinho, montou uma esta\u00e7\u00e3o de [&hellip;]<\/p>\n","protected":false},"author":2,"featured_media":0,"parent":0,"menu_order":0,"comment_status":"closed","ping_status":"closed","template":"","meta":{"footnotes":""},"class_list":["post-39","page","type-page","status-publish","hentry","entry"],"_links":{"self":[{"href":"https:\/\/cultura.camposdojordao.sp.gov.br\/index.php?rest_route=\/wp\/v2\/pages\/39","targetHints":{"allow":["GET"]}}],"collection":[{"href":"https:\/\/cultura.camposdojordao.sp.gov.br\/index.php?rest_route=\/wp\/v2\/pages"}],"about":[{"href":"https:\/\/cultura.camposdojordao.sp.gov.br\/index.php?rest_route=\/wp\/v2\/types\/page"}],"author":[{"embeddable":true,"href":"https:\/\/cultura.camposdojordao.sp.gov.br\/index.php?rest_route=\/wp\/v2\/users\/2"}],"replies":[{"embeddable":true,"href":"https:\/\/cultura.camposdojordao.sp.gov.br\/index.php?rest_route=%2Fwp%2Fv2%2Fcomments&post=39"}],"version-history":[{"count":0,"href":"https:\/\/cultura.camposdojordao.sp.gov.br\/index.php?rest_route=\/wp\/v2\/pages\/39\/revisions"}],"wp:attachment":[{"href":"https:\/\/cultura.camposdojordao.sp.gov.br\/index.php?rest_route=%2Fwp%2Fv2%2Fmedia&parent=39"}],"curies":[{"name":"wp","href":"https:\/\/api.w.org\/{rel}","templated":true}]}}