{"id":69,"date":"2025-04-03T09:22:15","date_gmt":"2025-04-03T12:22:15","guid":{"rendered":"https:\/\/cultura.camposdojordao.sp.gov.br\/?page_id=69"},"modified":"2025-04-08T09:07:32","modified_gmt":"2025-04-08T12:07:32","slug":"museu-da-imagem-e-som","status":"publish","type":"page","link":"https:\/\/cultura.camposdojordao.sp.gov.br\/?page_id=69","title":{"rendered":"Museu da Imagem e Som"},"content":{"rendered":"\t\t<div data-elementor-type=\"wp-page\" data-elementor-id=\"69\" class=\"elementor elementor-69\" data-elementor-post-type=\"page\">\n\t\t\t\t<div class=\"elementor-element elementor-element-bbf1e45 e-flex e-con-boxed e-con e-parent\" data-id=\"bbf1e45\" data-element_type=\"container\" data-e-type=\"container\">\n\t\t\t\t\t<div class=\"e-con-inner\">\n\t\t\t\t<div class=\"elementor-element elementor-element-c60425d elementor-position-top elementor-widget elementor-widget-image-box\" data-id=\"c60425d\" data-element_type=\"widget\" data-e-type=\"widget\" data-widget_type=\"image-box.default\">\n\t\t\t\t\t<div class=\"elementor-image-box-wrapper\"><figure class=\"elementor-image-box-img\"><img fetchpriority=\"high\" decoding=\"async\" width=\"640\" height=\"360\" src=\"https:\/\/cultura.camposdojordao.sp.gov.br\/wp-content\/uploads\/2025\/04\/201504241247271-2.jpg\" class=\"attachment-full size-full wp-image-231\" alt=\"\" srcset=\"https:\/\/cultura.camposdojordao.sp.gov.br\/wp-content\/uploads\/2025\/04\/201504241247271-2.jpg 640w, https:\/\/cultura.camposdojordao.sp.gov.br\/wp-content\/uploads\/2025\/04\/201504241247271-2-300x169.jpg 300w\" sizes=\"(max-width: 640px) 100vw, 640px\" \/><\/figure><div class=\"elementor-image-box-content\"><p class=\"elementor-image-box-description\">O Museu da Imagem e Som de Campos do Jord\u00e3o, criado pela Lei n\u00ba 869 de 15 de abril de 1971, tem como principal objetivo registrar e preservar o passado e o presente das manifesta\u00e7\u00f5es ligadas \u00e0s \u00e1reas de cinema e fotografia, e reunir o que possa contribuir para reconstituir at\u00e9 o presente os acontecimentos hist\u00f3ricos jordanenses.<\/p><\/div><\/div>\t\t\t\t<\/div>\n\t\t\t\t\t<\/div>\n\t\t\t\t<\/div>\n\t\t<div class=\"elementor-element elementor-element-fd04215 e-flex e-con-boxed e-con e-parent\" data-id=\"fd04215\" data-element_type=\"container\" data-e-type=\"container\">\n\t\t\t\t\t<div class=\"e-con-inner\">\n\t\t\t\t<div class=\"elementor-element elementor-element-6613379 elementor-widget__width-initial elementor-position-top elementor-widget elementor-widget-image-box\" data-id=\"6613379\" data-element_type=\"widget\" data-e-type=\"widget\" data-widget_type=\"image-box.default\">\n\t\t\t\t\t<div class=\"elementor-image-box-wrapper\"><figure class=\"elementor-image-box-img\"><img decoding=\"async\" width=\"554\" height=\"640\" data-src=\"https:\/\/cultura.camposdojordao.sp.gov.br\/wp-content\/uploads\/2025\/04\/lei-da-criacao-do-Museu.jpg\" class=\"attachment-full size-full wp-image-490 lazyload\" alt=\"\" data-srcset=\"https:\/\/cultura.camposdojordao.sp.gov.br\/wp-content\/uploads\/2025\/04\/lei-da-criacao-do-Museu.jpg 554w, https:\/\/cultura.camposdojordao.sp.gov.br\/wp-content\/uploads\/2025\/04\/lei-da-criacao-do-Museu-260x300.jpg 260w\" data-sizes=\"(max-width: 554px) 100vw, 554px\" src=\"data:image\/svg+xml;base64,PHN2ZyB3aWR0aD0iMSIgaGVpZ2h0PSIxIiB4bWxucz0iaHR0cDovL3d3dy53My5vcmcvMjAwMC9zdmciPjwvc3ZnPg==\" style=\"--smush-placeholder-width: 554px; --smush-placeholder-aspect-ratio: 554\/640;\" \/><\/figure><div class=\"elementor-image-box-content\"><p class=\"elementor-image-box-description\">Decreto de Cria\u00e7\u00e3o do Museu de Hist\u00f3ria, Imagem e Som de Campos do Jord\u00e3o<\/p><\/div><\/div>\t\t\t\t<\/div>\n\t\t\t\t\t<\/div>\n\t\t\t\t<\/div>\n\t\t\t\t<\/div>\n\t\t","protected":false},"excerpt":{"rendered":"<p>O Museu da Imagem e Som de Campos do Jord\u00e3o, criado pela Lei n\u00ba 869 de 15 de abril de 1971, tem como principal objetivo registrar e preservar o passado e o presente das manifesta\u00e7\u00f5es ligadas \u00e0s \u00e1reas de cinema e fotografia, e reunir o que possa contribuir para reconstituir at\u00e9 o presente os acontecimentos [&hellip;]<\/p>\n","protected":false},"author":2,"featured_media":0,"parent":0,"menu_order":0,"comment_status":"closed","ping_status":"closed","template":"","meta":{"footnotes":""},"class_list":["post-69","page","type-page","status-publish","hentry","entry"],"_links":{"self":[{"href":"https:\/\/cultura.camposdojordao.sp.gov.br\/index.php?rest_route=\/wp\/v2\/pages\/69","targetHints":{"allow":["GET"]}}],"collection":[{"href":"https:\/\/cultura.camposdojordao.sp.gov.br\/index.php?rest_route=\/wp\/v2\/pages"}],"about":[{"href":"https:\/\/cultura.camposdojordao.sp.gov.br\/index.php?rest_route=\/wp\/v2\/types\/page"}],"author":[{"embeddable":true,"href":"https:\/\/cultura.camposdojordao.sp.gov.br\/index.php?rest_route=\/wp\/v2\/users\/2"}],"replies":[{"embeddable":true,"href":"https:\/\/cultura.camposdojordao.sp.gov.br\/index.php?rest_route=%2Fwp%2Fv2%2Fcomments&post=69"}],"version-history":[{"count":0,"href":"https:\/\/cultura.camposdojordao.sp.gov.br\/index.php?rest_route=\/wp\/v2\/pages\/69\/revisions"}],"wp:attachment":[{"href":"https:\/\/cultura.camposdojordao.sp.gov.br\/index.php?rest_route=%2Fwp%2Fv2%2Fmedia&parent=69"}],"curies":[{"name":"wp","href":"https:\/\/api.w.org\/{rel}","templated":true}]}}